{"id":581,"date":"2019-10-03T19:36:27","date_gmt":"2019-10-03T23:36:27","guid":{"rendered":"https:\/\/cpatclinic.ca\/privacy-policy\/"},"modified":"2020-06-03T17:26:46","modified_gmt":"2020-06-03T21:26:46","slug":"privacy-policy","status":"publish","type":"page","link":"https:\/\/cpatclinic.ca\/fr\/privacy-policy\/","title":{"rendered":"Politique de confidentialit\u00e9"},"content":{"rendered":"<div id=\"cs-content\" class=\"cs-content\"><\/div>\n","protected":false},"excerpt":{"rendered":"<p>Politique de confidentialit\u00e9Cette politique de confidentialit\u00e9 a \u00e9t\u00e9 compil\u00e9e pour mieux servir ceux qui sont pr\u00e9occup\u00e9s par la fa\u00e7on dont leurs \u00ab Informations personnelles identifiables \u00bb (IPI) sont utilis\u00e9es en ligne. Les IPI sont des informations qui peuvent \u00eatre utilis\u00e9es seules ou avec d&rsquo;autres informations pour identifier, contacter ou localiser une seule personne, ou pour identifier une personne dans son &#8230; <\/p>\n<div><a href=\"https:\/\/cpatclinic.ca\/fr\/privacy-policy\/\" class=\"more-link\">Read More<\/a><\/div>\n","protected":false},"author":1,"featured_media":0,"parent":0,"menu_order":0,"comment_status":"closed","ping_status":"closed","template":"template-blank-4.php","meta":{"_acf_changed":false,"pmpro_default_level":"","_monsterinsights_skip_tracking":false,"_monsterinsights_sitenote_active":false,"_monsterinsights_sitenote_note":"","_monsterinsights_sitenote_category":0,"footnotes":""},"class_list":["post-581","page","type-page","status-publish","hentry","pmpro-has-access","no-post-thumbnail"],"acf":[],"yoast_head":"<!-- This site is optimized with the Yoast SEO plugin v23.8 - https:\/\/yoast.com\/wordpress\/plugins\/seo\/ -->\n<title>Politique de confidentialit\u00e9 - PC@clinique<\/title>\n<meta name=\"robots\" content=\"index, follow, max-snippet:-1, max-image-preview:large, max-video-preview:-1\" \/>\n<link rel=\"canonical\" href=\"https:\/\/cpatclinic.ca\/fr\/privacy-policy\/\" \/>\n<meta property=\"og:locale\" content=\"fr_FR\" \/>\n<meta property=\"og:type\" content=\"article\" \/>\n<meta property=\"og:title\" content=\"Politique de confidentialit\u00e9 - PC@clinique\" \/>\n<meta property=\"og:description\" content=\"Politique de confidentialit\u00e9Cette politique de confidentialit\u00e9 a \u00e9t\u00e9 compil\u00e9e pour mieux servir ceux qui sont pr\u00e9occup\u00e9s par la fa\u00e7on dont leurs \u00ab Informations personnelles identifiables \u00bb (IPI) sont utilis\u00e9es en ligne. Les IPI sont des informations qui peuvent \u00eatre utilis\u00e9es seules ou avec d&rsquo;autres informations pour identifier, contacter ou localiser une seule personne, ou pour identifier une personne dans son ... Read More\" \/>\n<meta property=\"og:url\" content=\"https:\/\/cpatclinic.ca\/fr\/privacy-policy\/\" \/>\n<meta property=\"og:site_name\" content=\"PC@clinique\" \/>\n<meta property=\"article:modified_time\" content=\"2020-06-03T21:26:46+00:00\" \/>\n<meta name=\"twitter:card\" content=\"summary_large_image\" \/>\n<meta name=\"twitter:label1\" content=\"Dur\u00e9e de lecture estim\u00e9e\" \/>\n\t<meta name=\"twitter:data1\" content=\"13 minutes\" \/>\n<script type=\"application\/ld+json\" class=\"yoast-schema-graph\">{\"@context\":\"https:\/\/schema.org\",\"@graph\":[{\"@type\":\"WebPage\",\"@id\":\"https:\/\/cpatclinic.ca\/fr\/privacy-policy\/\",\"url\":\"https:\/\/cpatclinic.ca\/fr\/privacy-policy\/\",\"name\":\"Politique de confidentialit\u00e9 - PC@clinique\",\"isPartOf\":{\"@id\":\"https:\/\/cpatclinic.ca\/#website\"},\"datePublished\":\"2019-10-03T23:36:27+00:00\",\"dateModified\":\"2020-06-03T21:26:46+00:00\",\"breadcrumb\":{\"@id\":\"https:\/\/cpatclinic.ca\/fr\/privacy-policy\/#breadcrumb\"},\"inLanguage\":\"fr-FR\",\"potentialAction\":[{\"@type\":\"ReadAction\",\"target\":[\"https:\/\/cpatclinic.ca\/fr\/privacy-policy\/\"]}]},{\"@type\":\"BreadcrumbList\",\"@id\":\"https:\/\/cpatclinic.ca\/fr\/privacy-policy\/#breadcrumb\",\"itemListElement\":[{\"@type\":\"ListItem\",\"position\":1,\"name\":\"Home\",\"item\":\"https:\/\/cpatclinic.ca\/fr\/\"},{\"@type\":\"ListItem\",\"position\":2,\"name\":\"Politique de confidentialit\u00e9\"}]},{\"@type\":\"WebSite\",\"@id\":\"https:\/\/cpatclinic.ca\/#website\",\"url\":\"https:\/\/cpatclinic.ca\/\",\"name\":\"PC@clinique\",\"description\":\"un programme novateur de pr\u00e9vention des maladies chroniques, de gestion, et de promotion de la sant\u00e9 fond\u00e9 sur des donn\u00e9es probantes.\",\"potentialAction\":[{\"@type\":\"SearchAction\",\"target\":{\"@type\":\"EntryPoint\",\"urlTemplate\":\"https:\/\/cpatclinic.ca\/?s={search_term_string}\"},\"query-input\":{\"@type\":\"PropertyValueSpecification\",\"valueRequired\":true,\"valueName\":\"search_term_string\"}}],\"inLanguage\":\"fr-FR\"}]}<\/script>\n<!-- \/ Yoast SEO plugin. -->","yoast_head_json":{"title":"Politique de confidentialit\u00e9 - PC@clinique","robots":{"index":"index","follow":"follow","max-snippet":"max-snippet:-1","max-image-preview":"max-image-preview:large","max-video-preview":"max-video-preview:-1"},"canonical":"https:\/\/cpatclinic.ca\/fr\/privacy-policy\/","og_locale":"fr_FR","og_type":"article","og_title":"Politique de confidentialit\u00e9 - PC@clinique","og_description":"Politique de confidentialit\u00e9Cette politique de confidentialit\u00e9 a \u00e9t\u00e9 compil\u00e9e pour mieux servir ceux qui sont pr\u00e9occup\u00e9s par la fa\u00e7on dont leurs \u00ab Informations personnelles identifiables \u00bb (IPI) sont utilis\u00e9es en ligne. Les IPI sont des informations qui peuvent \u00eatre utilis\u00e9es seules ou avec d&rsquo;autres informations pour identifier, contacter ou localiser une seule personne, ou pour identifier une personne dans son ... Read More","og_url":"https:\/\/cpatclinic.ca\/fr\/privacy-policy\/","og_site_name":"PC@clinique","article_modified_time":"2020-06-03T21:26:46+00:00","twitter_card":"summary_large_image","twitter_misc":{"Dur\u00e9e de lecture estim\u00e9e":"13 minutes"},"schema":{"@context":"https:\/\/schema.org","@graph":[{"@type":"WebPage","@id":"https:\/\/cpatclinic.ca\/fr\/privacy-policy\/","url":"https:\/\/cpatclinic.ca\/fr\/privacy-policy\/","name":"Politique de confidentialit\u00e9 - PC@clinique","isPartOf":{"@id":"https:\/\/cpatclinic.ca\/#website"},"datePublished":"2019-10-03T23:36:27+00:00","dateModified":"2020-06-03T21:26:46+00:00","breadcrumb":{"@id":"https:\/\/cpatclinic.ca\/fr\/privacy-policy\/#breadcrumb"},"inLanguage":"fr-FR","potentialAction":[{"@type":"ReadAction","target":["https:\/\/cpatclinic.ca\/fr\/privacy-policy\/"]}]},{"@type":"BreadcrumbList","@id":"https:\/\/cpatclinic.ca\/fr\/privacy-policy\/#breadcrumb","itemListElement":[{"@type":"ListItem","position":1,"name":"Home","item":"https:\/\/cpatclinic.ca\/fr\/"},{"@type":"ListItem","position":2,"name":"Politique de confidentialit\u00e9"}]},{"@type":"WebSite","@id":"https:\/\/cpatclinic.ca\/#website","url":"https:\/\/cpatclinic.ca\/","name":"PC@clinique","description":"un programme novateur de pr\u00e9vention des maladies chroniques, de gestion, et de promotion de la sant\u00e9 fond\u00e9 sur des donn\u00e9es probantes.","potentialAction":[{"@type":"SearchAction","target":{"@type":"EntryPoint","urlTemplate":"https:\/\/cpatclinic.ca\/?s={search_term_string}"},"query-input":{"@type":"PropertyValueSpecification","valueRequired":true,"valueName":"search_term_string"}}],"inLanguage":"fr-FR"}]}},"_links":{"self":[{"href":"https:\/\/cpatclinic.ca\/fr\/wp-json\/wp\/v2\/pages\/581","targetHints":{"allow":["GET"]}}],"collection":[{"href":"https:\/\/cpatclinic.ca\/fr\/wp-json\/wp\/v2\/pages"}],"about":[{"href":"https:\/\/cpatclinic.ca\/fr\/wp-json\/wp\/v2\/types\/page"}],"author":[{"embeddable":true,"href":"https:\/\/cpatclinic.ca\/fr\/wp-json\/wp\/v2\/users\/1"}],"replies":[{"embeddable":true,"href":"https:\/\/cpatclinic.ca\/fr\/wp-json\/wp\/v2\/comments?post=581"}],"version-history":[{"count":4,"href":"https:\/\/cpatclinic.ca\/fr\/wp-json\/wp\/v2\/pages\/581\/revisions"}],"predecessor-version":[{"id":637,"href":"https:\/\/cpatclinic.ca\/fr\/wp-json\/wp\/v2\/pages\/581\/revisions\/637"}],"wp:attachment":[{"href":"https:\/\/cpatclinic.ca\/fr\/wp-json\/wp\/v2\/media?parent=581"}],"curies":[{"name":"wp","href":"https:\/\/api.w.org\/{rel}","templated":true}]}}