{"id":539,"date":"2020-05-12T13:53:30","date_gmt":"2020-05-12T17:53:30","guid":{"rendered":"https:\/\/cpatclinic.ca\/newsletter\/"},"modified":"2024-11-04T11:08:59","modified_gmt":"2024-11-04T16:08:59","slug":"newsletter","status":"publish","type":"page","link":"https:\/\/cpatclinic.ca\/fr\/newsletter\/","title":{"rendered":"Bulletin"},"content":{"rendered":"<div id=\"cs-content\" class=\"cs-content\"><\/div>\n","protected":false},"excerpt":{"rendered":"<p>Inscrivez-vous \u00e0 notre bulletinRecevez des mises \u00e0 jour r\u00e9guli\u00e8res de l\u2019\u00e9quipe de recherche de la PC@clinique pour en savoir plus sur les nouveaut\u00e9s du programme et de nos sites de programme! Subscribe * indicates required Email Address * First Name * Last Name * Name of your Organization * Type of Organization * Paramedic Service Other Healthcare (e.g. Family Doctor, &#8230; <\/p>\n<div><a href=\"https:\/\/cpatclinic.ca\/fr\/newsletter\/\" class=\"more-link\">Read More<\/a><\/div>\n","protected":false},"author":1,"featured_media":0,"parent":0,"menu_order":0,"comment_status":"closed","ping_status":"closed","template":"template-blank-4.php","meta":{"_acf_changed":false,"pmpro_default_level":"","_monsterinsights_skip_tracking":false,"_monsterinsights_sitenote_active":false,"_monsterinsights_sitenote_note":"","_monsterinsights_sitenote_category":0,"footnotes":""},"class_list":["post-539","page","type-page","status-publish","hentry","pmpro-has-access","no-post-thumbnail"],"acf":[],"yoast_head":"<!-- This site is optimized with the Yoast SEO plugin v23.8 - https:\/\/yoast.com\/wordpress\/plugins\/seo\/ -->\n<title>Bulletin - PC@clinique<\/title>\n<meta name=\"robots\" content=\"index, follow, max-snippet:-1, max-image-preview:large, max-video-preview:-1\" \/>\n<link rel=\"canonical\" href=\"https:\/\/cpatclinic.ca\/fr\/newsletter\/\" \/>\n<meta property=\"og:locale\" content=\"fr_FR\" \/>\n<meta property=\"og:type\" content=\"article\" \/>\n<meta property=\"og:title\" content=\"Bulletin - PC@clinique\" \/>\n<meta property=\"og:description\" content=\"Inscrivez-vous \u00e0 notre bulletinRecevez des mises \u00e0 jour r\u00e9guli\u00e8res de l\u2019\u00e9quipe de recherche de la PC@clinique pour en savoir plus sur les nouveaut\u00e9s du programme et de nos sites de programme! Subscribe * indicates required Email Address * First Name * Last Name * Name of your Organization * Type of Organization * Paramedic Service Other Healthcare (e.g. Family Doctor, ... Read More\" \/>\n<meta property=\"og:url\" content=\"https:\/\/cpatclinic.ca\/fr\/newsletter\/\" \/>\n<meta property=\"og:site_name\" content=\"PC@clinique\" \/>\n<meta property=\"article:modified_time\" content=\"2024-11-04T16:08:59+00:00\" \/>\n<meta name=\"twitter:card\" content=\"summary_large_image\" \/>\n<meta name=\"twitter:label1\" content=\"Dur\u00e9e de lecture estim\u00e9e\" \/>\n\t<meta name=\"twitter:data1\" content=\"3 minutes\" \/>\n<script type=\"application\/ld+json\" class=\"yoast-schema-graph\">{\"@context\":\"https:\/\/schema.org\",\"@graph\":[{\"@type\":\"WebPage\",\"@id\":\"https:\/\/cpatclinic.ca\/fr\/newsletter\/\",\"url\":\"https:\/\/cpatclinic.ca\/fr\/newsletter\/\",\"name\":\"Bulletin - PC@clinique\",\"isPartOf\":{\"@id\":\"https:\/\/cpatclinic.ca\/#website\"},\"datePublished\":\"2020-05-12T17:53:30+00:00\",\"dateModified\":\"2024-11-04T16:08:59+00:00\",\"breadcrumb\":{\"@id\":\"https:\/\/cpatclinic.ca\/fr\/newsletter\/#breadcrumb\"},\"inLanguage\":\"fr-FR\",\"potentialAction\":[{\"@type\":\"ReadAction\",\"target\":[\"https:\/\/cpatclinic.ca\/fr\/newsletter\/\"]}]},{\"@type\":\"BreadcrumbList\",\"@id\":\"https:\/\/cpatclinic.ca\/fr\/newsletter\/#breadcrumb\",\"itemListElement\":[{\"@type\":\"ListItem\",\"position\":1,\"name\":\"Home\",\"item\":\"https:\/\/cpatclinic.ca\/fr\/\"},{\"@type\":\"ListItem\",\"position\":2,\"name\":\"Bulletin\"}]},{\"@type\":\"WebSite\",\"@id\":\"https:\/\/cpatclinic.ca\/#website\",\"url\":\"https:\/\/cpatclinic.ca\/\",\"name\":\"PC@clinique\",\"description\":\"un programme novateur de pr\u00e9vention des maladies chroniques, de gestion, et de promotion de la sant\u00e9 fond\u00e9 sur des donn\u00e9es probantes.\",\"potentialAction\":[{\"@type\":\"SearchAction\",\"target\":{\"@type\":\"EntryPoint\",\"urlTemplate\":\"https:\/\/cpatclinic.ca\/?s={search_term_string}\"},\"query-input\":{\"@type\":\"PropertyValueSpecification\",\"valueRequired\":true,\"valueName\":\"search_term_string\"}}],\"inLanguage\":\"fr-FR\"}]}<\/script>\n<!-- \/ Yoast SEO plugin. -->","yoast_head_json":{"title":"Bulletin - PC@clinique","robots":{"index":"index","follow":"follow","max-snippet":"max-snippet:-1","max-image-preview":"max-image-preview:large","max-video-preview":"max-video-preview:-1"},"canonical":"https:\/\/cpatclinic.ca\/fr\/newsletter\/","og_locale":"fr_FR","og_type":"article","og_title":"Bulletin - PC@clinique","og_description":"Inscrivez-vous \u00e0 notre bulletinRecevez des mises \u00e0 jour r\u00e9guli\u00e8res de l\u2019\u00e9quipe de recherche de la PC@clinique pour en savoir plus sur les nouveaut\u00e9s du programme et de nos sites de programme! Subscribe * indicates required Email Address * First Name * Last Name * Name of your Organization * Type of Organization * Paramedic Service Other Healthcare (e.g. Family Doctor, ... Read More","og_url":"https:\/\/cpatclinic.ca\/fr\/newsletter\/","og_site_name":"PC@clinique","article_modified_time":"2024-11-04T16:08:59+00:00","twitter_card":"summary_large_image","twitter_misc":{"Dur\u00e9e de lecture estim\u00e9e":"3 minutes"},"schema":{"@context":"https:\/\/schema.org","@graph":[{"@type":"WebPage","@id":"https:\/\/cpatclinic.ca\/fr\/newsletter\/","url":"https:\/\/cpatclinic.ca\/fr\/newsletter\/","name":"Bulletin - PC@clinique","isPartOf":{"@id":"https:\/\/cpatclinic.ca\/#website"},"datePublished":"2020-05-12T17:53:30+00:00","dateModified":"2024-11-04T16:08:59+00:00","breadcrumb":{"@id":"https:\/\/cpatclinic.ca\/fr\/newsletter\/#breadcrumb"},"inLanguage":"fr-FR","potentialAction":[{"@type":"ReadAction","target":["https:\/\/cpatclinic.ca\/fr\/newsletter\/"]}]},{"@type":"BreadcrumbList","@id":"https:\/\/cpatclinic.ca\/fr\/newsletter\/#breadcrumb","itemListElement":[{"@type":"ListItem","position":1,"name":"Home","item":"https:\/\/cpatclinic.ca\/fr\/"},{"@type":"ListItem","position":2,"name":"Bulletin"}]},{"@type":"WebSite","@id":"https:\/\/cpatclinic.ca\/#website","url":"https:\/\/cpatclinic.ca\/","name":"PC@clinique","description":"un programme novateur de pr\u00e9vention des maladies chroniques, de gestion, et de promotion de la sant\u00e9 fond\u00e9 sur des donn\u00e9es probantes.","potentialAction":[{"@type":"SearchAction","target":{"@type":"EntryPoint","urlTemplate":"https:\/\/cpatclinic.ca\/?s={search_term_string}"},"query-input":{"@type":"PropertyValueSpecification","valueRequired":true,"valueName":"search_term_string"}}],"inLanguage":"fr-FR"}]}},"_links":{"self":[{"href":"https:\/\/cpatclinic.ca\/fr\/wp-json\/wp\/v2\/pages\/539","targetHints":{"allow":["GET"]}}],"collection":[{"href":"https:\/\/cpatclinic.ca\/fr\/wp-json\/wp\/v2\/pages"}],"about":[{"href":"https:\/\/cpatclinic.ca\/fr\/wp-json\/wp\/v2\/types\/page"}],"author":[{"embeddable":true,"href":"https:\/\/cpatclinic.ca\/fr\/wp-json\/wp\/v2\/users\/1"}],"replies":[{"embeddable":true,"href":"https:\/\/cpatclinic.ca\/fr\/wp-json\/wp\/v2\/comments?post=539"}],"version-history":[{"count":8,"href":"https:\/\/cpatclinic.ca\/fr\/wp-json\/wp\/v2\/pages\/539\/revisions"}],"predecessor-version":[{"id":1272,"href":"https:\/\/cpatclinic.ca\/fr\/wp-json\/wp\/v2\/pages\/539\/revisions\/1272"}],"wp:attachment":[{"href":"https:\/\/cpatclinic.ca\/fr\/wp-json\/wp\/v2\/media?parent=539"}],"curies":[{"name":"wp","href":"https:\/\/api.w.org\/{rel}","templated":true}]}}