{"id":509,"date":"2020-05-11T14:10:08","date_gmt":"2020-05-11T18:10:08","guid":{"rendered":"https:\/\/cpatclinic.ca\/?page_id=509"},"modified":"2024-11-20T11:59:42","modified_gmt":"2024-11-20T16:59:42","slug":"what-is-cpclinic","status":"publish","type":"page","link":"https:\/\/cpatclinic.ca\/fr\/what-is-cpclinic\/","title":{"rendered":"Qu&rsquo;est-ce que la PC@clinique?"},"content":{"rendered":"<div id=\"cs-content\" class=\"cs-content\"><\/div>\n","protected":false},"excerpt":{"rendered":"Qu'est-ce que la PC@clinique?La PC@clinique est un programme novateur et fond\u00e9 sur des donn\u00e9es probantes de pr\u00e9vention, de gestion et de promotion de la sant\u00e9 des maladies chroniques qui vise \u00e0:Am\u00e9liorer la sant\u00e9 et la qualit\u00e9 de vie des personnes \u00e2g\u00e9es Mieux connecter les personnes \u00e2g\u00e9es aux soins primaires et aux ressources communautaires R\u00e9duire le fardeau \u00e9conomique des appels \u00e9vitables ... <div><a href=\"https:\/\/cpatclinic.ca\/fr\/what-is-cpclinic\/\" class=\"more-link\">Read More<\/a><\/div>","protected":false},"author":1,"featured_media":0,"parent":0,"menu_order":0,"comment_status":"closed","ping_status":"closed","template":"template-blank-4.php","meta":{"_acf_changed":false,"pmpro_default_level":"","_monsterinsights_skip_tracking":false,"_monsterinsights_sitenote_active":false,"_monsterinsights_sitenote_note":"","_monsterinsights_sitenote_category":0,"footnotes":""},"class_list":["post-509","page","type-page","status-publish","hentry","pmpro-has-access","no-post-thumbnail"],"acf":[],"yoast_head":"<!-- This site is optimized with the Yoast SEO plugin v23.8 - https:\/\/yoast.com\/wordpress\/plugins\/seo\/ -->\n<title>Qu&#039;est-ce que la PC@clinique? - PC@clinique<\/title>\n<meta name=\"description\" content=\"La PC@clinique est un programme novateur et fond\u00e9 sur des donn\u00e9es probantes en mati\u00e8re de pr\u00e9vention, de gestion et de promotion de la sant\u00e9 des maladies chroniques.\" \/>\n<meta name=\"robots\" content=\"index, follow, max-snippet:-1, max-image-preview:large, max-video-preview:-1\" \/>\n<link rel=\"canonical\" href=\"https:\/\/cpatclinic.ca\/fr\/what-is-cpclinic\/\" \/>\n<meta property=\"og:locale\" content=\"fr_FR\" \/>\n<meta property=\"og:type\" content=\"article\" \/>\n<meta property=\"og:title\" content=\"Qu&#039;est-ce que la PC@clinique? - PC@clinique\" \/>\n<meta property=\"og:description\" content=\"La PC@clinique est un programme novateur et fond\u00e9 sur des donn\u00e9es probantes en mati\u00e8re de pr\u00e9vention, de gestion et de promotion de la sant\u00e9 des maladies chroniques.\" \/>\n<meta property=\"og:url\" content=\"https:\/\/cpatclinic.ca\/fr\/what-is-cpclinic\/\" \/>\n<meta property=\"og:site_name\" content=\"PC@clinique\" \/>\n<meta property=\"article:modified_time\" content=\"2024-11-20T16:59:42+00:00\" \/>\n<meta name=\"twitter:card\" content=\"summary_large_image\" \/>\n<meta name=\"twitter:label1\" content=\"Dur\u00e9e de lecture estim\u00e9e\" \/>\n\t<meta name=\"twitter:data1\" content=\"22 minutes\" \/>\n<script type=\"application\/ld+json\" class=\"yoast-schema-graph\">{\"@context\":\"https:\/\/schema.org\",\"@graph\":[{\"@type\":\"WebPage\",\"@id\":\"https:\/\/cpatclinic.ca\/fr\/what-is-cpclinic\/\",\"url\":\"https:\/\/cpatclinic.ca\/fr\/what-is-cpclinic\/\",\"name\":\"Qu'est-ce que la PC@clinique? - PC@clinique\",\"isPartOf\":{\"@id\":\"https:\/\/cpatclinic.ca\/#website\"},\"datePublished\":\"2020-05-11T18:10:08+00:00\",\"dateModified\":\"2024-11-20T16:59:42+00:00\",\"description\":\"La PC@clinique est un programme novateur et fond\u00e9 sur des donn\u00e9es probantes en mati\u00e8re de pr\u00e9vention, de gestion et de promotion de la sant\u00e9 des maladies chroniques.\",\"breadcrumb\":{\"@id\":\"https:\/\/cpatclinic.ca\/fr\/what-is-cpclinic\/#breadcrumb\"},\"inLanguage\":\"fr-FR\",\"potentialAction\":[{\"@type\":\"ReadAction\",\"target\":[\"https:\/\/cpatclinic.ca\/fr\/what-is-cpclinic\/\"]}]},{\"@type\":\"BreadcrumbList\",\"@id\":\"https:\/\/cpatclinic.ca\/fr\/what-is-cpclinic\/#breadcrumb\",\"itemListElement\":[{\"@type\":\"ListItem\",\"position\":1,\"name\":\"Home\",\"item\":\"https:\/\/cpatclinic.ca\/fr\/\"},{\"@type\":\"ListItem\",\"position\":2,\"name\":\"Qu&rsquo;est-ce que la PC@clinique?\"}]},{\"@type\":\"WebSite\",\"@id\":\"https:\/\/cpatclinic.ca\/#website\",\"url\":\"https:\/\/cpatclinic.ca\/\",\"name\":\"PC@clinique\",\"description\":\"un programme novateur de pr\u00e9vention des maladies chroniques, de gestion, et de promotion de la sant\u00e9 fond\u00e9 sur des donn\u00e9es probantes.\",\"potentialAction\":[{\"@type\":\"SearchAction\",\"target\":{\"@type\":\"EntryPoint\",\"urlTemplate\":\"https:\/\/cpatclinic.ca\/?s={search_term_string}\"},\"query-input\":{\"@type\":\"PropertyValueSpecification\",\"valueRequired\":true,\"valueName\":\"search_term_string\"}}],\"inLanguage\":\"fr-FR\"}]}<\/script>\n<!-- \/ Yoast SEO plugin. -->","yoast_head_json":{"title":"Qu'est-ce que la PC@clinique? - PC@clinique","description":"La PC@clinique est un programme novateur et fond\u00e9 sur des donn\u00e9es probantes en mati\u00e8re de pr\u00e9vention, de gestion et de promotion de la sant\u00e9 des maladies chroniques.","robots":{"index":"index","follow":"follow","max-snippet":"max-snippet:-1","max-image-preview":"max-image-preview:large","max-video-preview":"max-video-preview:-1"},"canonical":"https:\/\/cpatclinic.ca\/fr\/what-is-cpclinic\/","og_locale":"fr_FR","og_type":"article","og_title":"Qu'est-ce que la PC@clinique? - PC@clinique","og_description":"La PC@clinique est un programme novateur et fond\u00e9 sur des donn\u00e9es probantes en mati\u00e8re de pr\u00e9vention, de gestion et de promotion de la sant\u00e9 des maladies chroniques.","og_url":"https:\/\/cpatclinic.ca\/fr\/what-is-cpclinic\/","og_site_name":"PC@clinique","article_modified_time":"2024-11-20T16:59:42+00:00","twitter_card":"summary_large_image","twitter_misc":{"Dur\u00e9e de lecture estim\u00e9e":"22 minutes"},"schema":{"@context":"https:\/\/schema.org","@graph":[{"@type":"WebPage","@id":"https:\/\/cpatclinic.ca\/fr\/what-is-cpclinic\/","url":"https:\/\/cpatclinic.ca\/fr\/what-is-cpclinic\/","name":"Qu'est-ce que la PC@clinique? - PC@clinique","isPartOf":{"@id":"https:\/\/cpatclinic.ca\/#website"},"datePublished":"2020-05-11T18:10:08+00:00","dateModified":"2024-11-20T16:59:42+00:00","description":"La PC@clinique est un programme novateur et fond\u00e9 sur des donn\u00e9es probantes en mati\u00e8re de pr\u00e9vention, de gestion et de promotion de la sant\u00e9 des maladies chroniques.","breadcrumb":{"@id":"https:\/\/cpatclinic.ca\/fr\/what-is-cpclinic\/#breadcrumb"},"inLanguage":"fr-FR","potentialAction":[{"@type":"ReadAction","target":["https:\/\/cpatclinic.ca\/fr\/what-is-cpclinic\/"]}]},{"@type":"BreadcrumbList","@id":"https:\/\/cpatclinic.ca\/fr\/what-is-cpclinic\/#breadcrumb","itemListElement":[{"@type":"ListItem","position":1,"name":"Home","item":"https:\/\/cpatclinic.ca\/fr\/"},{"@type":"ListItem","position":2,"name":"Qu&rsquo;est-ce que la PC@clinique?"}]},{"@type":"WebSite","@id":"https:\/\/cpatclinic.ca\/#website","url":"https:\/\/cpatclinic.ca\/","name":"PC@clinique","description":"un programme novateur de pr\u00e9vention des maladies chroniques, de gestion, et de promotion de la sant\u00e9 fond\u00e9 sur des donn\u00e9es probantes.","potentialAction":[{"@type":"SearchAction","target":{"@type":"EntryPoint","urlTemplate":"https:\/\/cpatclinic.ca\/?s={search_term_string}"},"query-input":{"@type":"PropertyValueSpecification","valueRequired":true,"valueName":"search_term_string"}}],"inLanguage":"fr-FR"}]}},"_links":{"self":[{"href":"https:\/\/cpatclinic.ca\/fr\/wp-json\/wp\/v2\/pages\/509","targetHints":{"allow":["GET"]}}],"collection":[{"href":"https:\/\/cpatclinic.ca\/fr\/wp-json\/wp\/v2\/pages"}],"about":[{"href":"https:\/\/cpatclinic.ca\/fr\/wp-json\/wp\/v2\/types\/page"}],"author":[{"embeddable":true,"href":"https:\/\/cpatclinic.ca\/fr\/wp-json\/wp\/v2\/users\/1"}],"replies":[{"embeddable":true,"href":"https:\/\/cpatclinic.ca\/fr\/wp-json\/wp\/v2\/comments?post=509"}],"version-history":[{"count":29,"href":"https:\/\/cpatclinic.ca\/fr\/wp-json\/wp\/v2\/pages\/509\/revisions"}],"predecessor-version":[{"id":1443,"href":"https:\/\/cpatclinic.ca\/fr\/wp-json\/wp\/v2\/pages\/509\/revisions\/1443"}],"wp:attachment":[{"href":"https:\/\/cpatclinic.ca\/fr\/wp-json\/wp\/v2\/media?parent=509"}],"curies":[{"name":"wp","href":"https:\/\/api.w.org\/{rel}","templated":true}]}}