{"id":506,"date":"2020-05-11T14:10:22","date_gmt":"2020-05-11T18:10:22","guid":{"rendered":"https:\/\/cpatclinic.ca\/?page_id=506"},"modified":"2020-06-11T11:02:00","modified_gmt":"2020-06-11T15:02:00","slug":"our-story","status":"publish","type":"page","link":"https:\/\/cpatclinic.ca\/fr\/our-story\/","title":{"rendered":"Notre histoire"},"content":{"rendered":"<div id=\"cs-content\" class=\"cs-content\"><\/div>\n","protected":false},"excerpt":{"rendered":"<p>Notre histoireEn 2010, nous, qui formons une \u00e9quipe de cliniciens et de chercheurs tr\u00e8s exp\u00e9riment\u00e9s du D\u00e9partement de m\u00e9decine familiale de l&rsquo;Universit\u00e9 McMaster, avons commenc\u00e9 \u00e0 remarquer une grosse augmentation des appels au 911 qui provenaient de logements subventionn\u00e9s \u00e0 Hamilton, en Ontario. Ces volumes d&rsquo;appels de plus en plus \u00e9lev\u00e9s ont \u00e9t\u00e9 confirm\u00e9s par nos partenaires &#8212; Services param\u00e9dicaux, &#8230; <\/p>\n<div><a href=\"https:\/\/cpatclinic.ca\/fr\/our-story\/\" class=\"more-link\">Read More<\/a><\/div>\n","protected":false},"author":1,"featured_media":0,"parent":0,"menu_order":0,"comment_status":"closed","ping_status":"closed","template":"template-blank-4.php","meta":{"_acf_changed":false,"pmpro_default_level":"","_monsterinsights_skip_tracking":false,"_monsterinsights_sitenote_active":false,"_monsterinsights_sitenote_note":"","_monsterinsights_sitenote_category":0,"footnotes":""},"class_list":["post-506","page","type-page","status-publish","hentry","pmpro-has-access","no-post-thumbnail"],"acf":[],"yoast_head":"<!-- This site is optimized with the Yoast SEO plugin v23.8 - https:\/\/yoast.com\/wordpress\/plugins\/seo\/ -->\n<title>Notre histoire - PC@clinique<\/title>\n<meta name=\"robots\" content=\"index, follow, max-snippet:-1, max-image-preview:large, max-video-preview:-1\" \/>\n<link rel=\"canonical\" href=\"https:\/\/cpatclinic.ca\/fr\/our-story\/\" \/>\n<meta property=\"og:locale\" content=\"fr_FR\" \/>\n<meta property=\"og:type\" content=\"article\" \/>\n<meta property=\"og:title\" content=\"Notre histoire - PC@clinique\" \/>\n<meta property=\"og:description\" content=\"Notre histoireEn 2010, nous, qui formons une \u00e9quipe de cliniciens et de chercheurs tr\u00e8s exp\u00e9riment\u00e9s du D\u00e9partement de m\u00e9decine familiale de l&#039;Universit\u00e9 McMaster, avons commenc\u00e9 \u00e0 remarquer une grosse augmentation des appels au 911 qui provenaient de logements subventionn\u00e9s \u00e0 Hamilton, en Ontario. Ces volumes d&#039;appels de plus en plus \u00e9lev\u00e9s ont \u00e9t\u00e9 confirm\u00e9s par nos partenaires --- Services param\u00e9dicaux, ... Read More\" \/>\n<meta property=\"og:url\" content=\"https:\/\/cpatclinic.ca\/fr\/our-story\/\" \/>\n<meta property=\"og:site_name\" content=\"PC@clinique\" \/>\n<meta property=\"article:modified_time\" content=\"2020-06-11T15:02:00+00:00\" \/>\n<meta property=\"og:image\" content=\"https:\/\/cpatclinic.ca\/media\/mcm-fammed_left-col.png\" \/>\n<meta name=\"twitter:card\" content=\"summary_large_image\" \/>\n<meta name=\"twitter:label1\" content=\"Dur\u00e9e de lecture estim\u00e9e\" \/>\n\t<meta name=\"twitter:data1\" content=\"5 minutes\" \/>\n<script type=\"application\/ld+json\" class=\"yoast-schema-graph\">{\"@context\":\"https:\/\/schema.org\",\"@graph\":[{\"@type\":\"WebPage\",\"@id\":\"https:\/\/cpatclinic.ca\/fr\/our-story\/\",\"url\":\"https:\/\/cpatclinic.ca\/fr\/our-story\/\",\"name\":\"Notre histoire - PC@clinique\",\"isPartOf\":{\"@id\":\"https:\/\/cpatclinic.ca\/#website\"},\"primaryImageOfPage\":{\"@id\":\"https:\/\/cpatclinic.ca\/fr\/our-story\/#primaryimage\"},\"image\":{\"@id\":\"https:\/\/cpatclinic.ca\/fr\/our-story\/#primaryimage\"},\"thumbnailUrl\":\"https:\/\/cpatclinic.ca\/media\/mcm-fammed_left-col.png\",\"datePublished\":\"2020-05-11T18:10:22+00:00\",\"dateModified\":\"2020-06-11T15:02:00+00:00\",\"breadcrumb\":{\"@id\":\"https:\/\/cpatclinic.ca\/fr\/our-story\/#breadcrumb\"},\"inLanguage\":\"fr-FR\",\"potentialAction\":[{\"@type\":\"ReadAction\",\"target\":[\"https:\/\/cpatclinic.ca\/fr\/our-story\/\"]}]},{\"@type\":\"ImageObject\",\"inLanguage\":\"fr-FR\",\"@id\":\"https:\/\/cpatclinic.ca\/fr\/our-story\/#primaryimage\",\"url\":\"https:\/\/cpatclinic.ca\/media\/mcm-fammed_left-col.png\",\"contentUrl\":\"https:\/\/cpatclinic.ca\/media\/mcm-fammed_left-col.png\"},{\"@type\":\"BreadcrumbList\",\"@id\":\"https:\/\/cpatclinic.ca\/fr\/our-story\/#breadcrumb\",\"itemListElement\":[{\"@type\":\"ListItem\",\"position\":1,\"name\":\"Home\",\"item\":\"https:\/\/cpatclinic.ca\/fr\/\"},{\"@type\":\"ListItem\",\"position\":2,\"name\":\"Notre histoire\"}]},{\"@type\":\"WebSite\",\"@id\":\"https:\/\/cpatclinic.ca\/#website\",\"url\":\"https:\/\/cpatclinic.ca\/\",\"name\":\"PC@clinique\",\"description\":\"un programme novateur de pr\u00e9vention des maladies chroniques, de gestion, et de promotion de la sant\u00e9 fond\u00e9 sur des donn\u00e9es probantes.\",\"potentialAction\":[{\"@type\":\"SearchAction\",\"target\":{\"@type\":\"EntryPoint\",\"urlTemplate\":\"https:\/\/cpatclinic.ca\/?s={search_term_string}\"},\"query-input\":{\"@type\":\"PropertyValueSpecification\",\"valueRequired\":true,\"valueName\":\"search_term_string\"}}],\"inLanguage\":\"fr-FR\"}]}<\/script>\n<!-- \/ Yoast SEO plugin. -->","yoast_head_json":{"title":"Notre histoire - PC@clinique","robots":{"index":"index","follow":"follow","max-snippet":"max-snippet:-1","max-image-preview":"max-image-preview:large","max-video-preview":"max-video-preview:-1"},"canonical":"https:\/\/cpatclinic.ca\/fr\/our-story\/","og_locale":"fr_FR","og_type":"article","og_title":"Notre histoire - PC@clinique","og_description":"Notre histoireEn 2010, nous, qui formons une \u00e9quipe de cliniciens et de chercheurs tr\u00e8s exp\u00e9riment\u00e9s du D\u00e9partement de m\u00e9decine familiale de l'Universit\u00e9 McMaster, avons commenc\u00e9 \u00e0 remarquer une grosse augmentation des appels au 911 qui provenaient de logements subventionn\u00e9s \u00e0 Hamilton, en Ontario. Ces volumes d'appels de plus en plus \u00e9lev\u00e9s ont \u00e9t\u00e9 confirm\u00e9s par nos partenaires --- Services param\u00e9dicaux, ... Read More","og_url":"https:\/\/cpatclinic.ca\/fr\/our-story\/","og_site_name":"PC@clinique","article_modified_time":"2020-06-11T15:02:00+00:00","og_image":[{"url":"https:\/\/cpatclinic.ca\/media\/mcm-fammed_left-col.png"}],"twitter_card":"summary_large_image","twitter_misc":{"Dur\u00e9e de lecture estim\u00e9e":"5 minutes"},"schema":{"@context":"https:\/\/schema.org","@graph":[{"@type":"WebPage","@id":"https:\/\/cpatclinic.ca\/fr\/our-story\/","url":"https:\/\/cpatclinic.ca\/fr\/our-story\/","name":"Notre histoire - PC@clinique","isPartOf":{"@id":"https:\/\/cpatclinic.ca\/#website"},"primaryImageOfPage":{"@id":"https:\/\/cpatclinic.ca\/fr\/our-story\/#primaryimage"},"image":{"@id":"https:\/\/cpatclinic.ca\/fr\/our-story\/#primaryimage"},"thumbnailUrl":"https:\/\/cpatclinic.ca\/media\/mcm-fammed_left-col.png","datePublished":"2020-05-11T18:10:22+00:00","dateModified":"2020-06-11T15:02:00+00:00","breadcrumb":{"@id":"https:\/\/cpatclinic.ca\/fr\/our-story\/#breadcrumb"},"inLanguage":"fr-FR","potentialAction":[{"@type":"ReadAction","target":["https:\/\/cpatclinic.ca\/fr\/our-story\/"]}]},{"@type":"ImageObject","inLanguage":"fr-FR","@id":"https:\/\/cpatclinic.ca\/fr\/our-story\/#primaryimage","url":"https:\/\/cpatclinic.ca\/media\/mcm-fammed_left-col.png","contentUrl":"https:\/\/cpatclinic.ca\/media\/mcm-fammed_left-col.png"},{"@type":"BreadcrumbList","@id":"https:\/\/cpatclinic.ca\/fr\/our-story\/#breadcrumb","itemListElement":[{"@type":"ListItem","position":1,"name":"Home","item":"https:\/\/cpatclinic.ca\/fr\/"},{"@type":"ListItem","position":2,"name":"Notre histoire"}]},{"@type":"WebSite","@id":"https:\/\/cpatclinic.ca\/#website","url":"https:\/\/cpatclinic.ca\/","name":"PC@clinique","description":"un programme novateur de pr\u00e9vention des maladies chroniques, de gestion, et de promotion de la sant\u00e9 fond\u00e9 sur des donn\u00e9es probantes.","potentialAction":[{"@type":"SearchAction","target":{"@type":"EntryPoint","urlTemplate":"https:\/\/cpatclinic.ca\/?s={search_term_string}"},"query-input":{"@type":"PropertyValueSpecification","valueRequired":true,"valueName":"search_term_string"}}],"inLanguage":"fr-FR"}]}},"_links":{"self":[{"href":"https:\/\/cpatclinic.ca\/fr\/wp-json\/wp\/v2\/pages\/506","targetHints":{"allow":["GET"]}}],"collection":[{"href":"https:\/\/cpatclinic.ca\/fr\/wp-json\/wp\/v2\/pages"}],"about":[{"href":"https:\/\/cpatclinic.ca\/fr\/wp-json\/wp\/v2\/types\/page"}],"author":[{"embeddable":true,"href":"https:\/\/cpatclinic.ca\/fr\/wp-json\/wp\/v2\/users\/1"}],"replies":[{"embeddable":true,"href":"https:\/\/cpatclinic.ca\/fr\/wp-json\/wp\/v2\/comments?post=506"}],"version-history":[{"count":7,"href":"https:\/\/cpatclinic.ca\/fr\/wp-json\/wp\/v2\/pages\/506\/revisions"}],"predecessor-version":[{"id":641,"href":"https:\/\/cpatclinic.ca\/fr\/wp-json\/wp\/v2\/pages\/506\/revisions\/641"}],"wp:attachment":[{"href":"https:\/\/cpatclinic.ca\/fr\/wp-json\/wp\/v2\/media?parent=506"}],"curies":[{"name":"wp","href":"https:\/\/api.w.org\/{rel}","templated":true}]}}