{"id":504,"date":"2019-11-21T15:31:00","date_gmt":"2019-11-21T20:31:00","guid":{"rendered":"https:\/\/cpatclinic.ca\/who-we-are\/"},"modified":"2024-11-20T12:00:11","modified_gmt":"2024-11-20T17:00:11","slug":"who-we-are","status":"publish","type":"page","link":"https:\/\/cpatclinic.ca\/fr\/who-we-are\/","title":{"rendered":"Qui nous sommes"},"content":{"rendered":"<div id=\"cs-content\" class=\"cs-content\"><\/div>\n","protected":false},"excerpt":{"rendered":"Notre mission et notre visionMissionNous nous engageons \u00e0 initier, \u00e0 b\u00e2tir et \u00e0 cultiver des partenariats de collaboration pour soutenir les services param\u00e9dicaux dans la planification, la prestation et l'\u00e9valuation de la PC@clinique au Canada et \u00e0 l'\u00e9tranger.VisionInt\u00e9grer la PC@clinique comme mod\u00e8le standard de clinique de bien-\u00eatre en param\u00e9decine communautaire dans l'ensemble des soins de sant\u00e9 au Canada et am\u00e9liorer ... <div><a href=\"https:\/\/cpatclinic.ca\/fr\/who-we-are\/\" class=\"more-link\">Read More<\/a><\/div>","protected":false},"author":1,"featured_media":0,"parent":0,"menu_order":0,"comment_status":"closed","ping_status":"closed","template":"template-blank-4.php","meta":{"_acf_changed":false,"pmpro_default_level":"","_monsterinsights_skip_tracking":false,"_monsterinsights_sitenote_active":false,"_monsterinsights_sitenote_note":"","_monsterinsights_sitenote_category":0,"footnotes":""},"class_list":["post-504","page","type-page","status-publish","hentry","pmpro-has-access","no-post-thumbnail"],"acf":[],"yoast_head":"<!-- This site is optimized with the Yoast SEO plugin v23.8 - https:\/\/yoast.com\/wordpress\/plugins\/seo\/ -->\n<title>Qui nous sommes - PC@clinique<\/title>\n<meta name=\"description\" content=\"Supporting paramedic services in the planning, delivery and evaluation of CP@clinic across Canada and internationally.\" \/>\n<meta name=\"robots\" content=\"index, follow, max-snippet:-1, max-image-preview:large, max-video-preview:-1\" \/>\n<link rel=\"canonical\" href=\"https:\/\/cpatclinic.ca\/fr\/who-we-are\/\" \/>\n<meta property=\"og:locale\" content=\"fr_FR\" \/>\n<meta property=\"og:type\" content=\"article\" \/>\n<meta property=\"og:title\" content=\"Qui nous sommes - PC@clinique\" \/>\n<meta property=\"og:description\" content=\"Supporting paramedic services in the planning, delivery and evaluation of CP@clinic across Canada and internationally.\" \/>\n<meta property=\"og:url\" content=\"https:\/\/cpatclinic.ca\/fr\/who-we-are\/\" \/>\n<meta property=\"og:site_name\" content=\"PC@clinique\" \/>\n<meta property=\"article:modified_time\" content=\"2024-11-20T17:00:11+00:00\" \/>\n<meta name=\"twitter:card\" content=\"summary_large_image\" \/>\n<meta name=\"twitter:label1\" content=\"Dur\u00e9e de lecture estim\u00e9e\" \/>\n\t<meta name=\"twitter:data1\" content=\"6 minutes\" \/>\n<script type=\"application\/ld+json\" class=\"yoast-schema-graph\">{\"@context\":\"https:\/\/schema.org\",\"@graph\":[{\"@type\":\"WebPage\",\"@id\":\"https:\/\/cpatclinic.ca\/fr\/who-we-are\/\",\"url\":\"https:\/\/cpatclinic.ca\/fr\/who-we-are\/\",\"name\":\"Qui nous sommes - PC@clinique\",\"isPartOf\":{\"@id\":\"https:\/\/cpatclinic.ca\/#website\"},\"datePublished\":\"2019-11-21T20:31:00+00:00\",\"dateModified\":\"2024-11-20T17:00:11+00:00\",\"description\":\"Supporting paramedic services in the planning, delivery and evaluation of CP@clinic across Canada and internationally.\",\"breadcrumb\":{\"@id\":\"https:\/\/cpatclinic.ca\/fr\/who-we-are\/#breadcrumb\"},\"inLanguage\":\"fr-FR\",\"potentialAction\":[{\"@type\":\"ReadAction\",\"target\":[\"https:\/\/cpatclinic.ca\/fr\/who-we-are\/\"]}]},{\"@type\":\"BreadcrumbList\",\"@id\":\"https:\/\/cpatclinic.ca\/fr\/who-we-are\/#breadcrumb\",\"itemListElement\":[{\"@type\":\"ListItem\",\"position\":1,\"name\":\"Home\",\"item\":\"https:\/\/cpatclinic.ca\/fr\/\"},{\"@type\":\"ListItem\",\"position\":2,\"name\":\"Qui nous sommes\"}]},{\"@type\":\"WebSite\",\"@id\":\"https:\/\/cpatclinic.ca\/#website\",\"url\":\"https:\/\/cpatclinic.ca\/\",\"name\":\"PC@clinique\",\"description\":\"un programme novateur de pr\u00e9vention des maladies chroniques, de gestion, et de promotion de la sant\u00e9 fond\u00e9 sur des donn\u00e9es probantes.\",\"potentialAction\":[{\"@type\":\"SearchAction\",\"target\":{\"@type\":\"EntryPoint\",\"urlTemplate\":\"https:\/\/cpatclinic.ca\/?s={search_term_string}\"},\"query-input\":{\"@type\":\"PropertyValueSpecification\",\"valueRequired\":true,\"valueName\":\"search_term_string\"}}],\"inLanguage\":\"fr-FR\"}]}<\/script>\n<!-- \/ Yoast SEO plugin. -->","yoast_head_json":{"title":"Qui nous sommes - PC@clinique","description":"Supporting paramedic services in the planning, delivery and evaluation of CP@clinic across Canada and internationally.","robots":{"index":"index","follow":"follow","max-snippet":"max-snippet:-1","max-image-preview":"max-image-preview:large","max-video-preview":"max-video-preview:-1"},"canonical":"https:\/\/cpatclinic.ca\/fr\/who-we-are\/","og_locale":"fr_FR","og_type":"article","og_title":"Qui nous sommes - PC@clinique","og_description":"Supporting paramedic services in the planning, delivery and evaluation of CP@clinic across Canada and internationally.","og_url":"https:\/\/cpatclinic.ca\/fr\/who-we-are\/","og_site_name":"PC@clinique","article_modified_time":"2024-11-20T17:00:11+00:00","twitter_card":"summary_large_image","twitter_misc":{"Dur\u00e9e de lecture estim\u00e9e":"6 minutes"},"schema":{"@context":"https:\/\/schema.org","@graph":[{"@type":"WebPage","@id":"https:\/\/cpatclinic.ca\/fr\/who-we-are\/","url":"https:\/\/cpatclinic.ca\/fr\/who-we-are\/","name":"Qui nous sommes - PC@clinique","isPartOf":{"@id":"https:\/\/cpatclinic.ca\/#website"},"datePublished":"2019-11-21T20:31:00+00:00","dateModified":"2024-11-20T17:00:11+00:00","description":"Supporting paramedic services in the planning, delivery and evaluation of CP@clinic across Canada and internationally.","breadcrumb":{"@id":"https:\/\/cpatclinic.ca\/fr\/who-we-are\/#breadcrumb"},"inLanguage":"fr-FR","potentialAction":[{"@type":"ReadAction","target":["https:\/\/cpatclinic.ca\/fr\/who-we-are\/"]}]},{"@type":"BreadcrumbList","@id":"https:\/\/cpatclinic.ca\/fr\/who-we-are\/#breadcrumb","itemListElement":[{"@type":"ListItem","position":1,"name":"Home","item":"https:\/\/cpatclinic.ca\/fr\/"},{"@type":"ListItem","position":2,"name":"Qui nous sommes"}]},{"@type":"WebSite","@id":"https:\/\/cpatclinic.ca\/#website","url":"https:\/\/cpatclinic.ca\/","name":"PC@clinique","description":"un programme novateur de pr\u00e9vention des maladies chroniques, de gestion, et de promotion de la sant\u00e9 fond\u00e9 sur des donn\u00e9es probantes.","potentialAction":[{"@type":"SearchAction","target":{"@type":"EntryPoint","urlTemplate":"https:\/\/cpatclinic.ca\/?s={search_term_string}"},"query-input":{"@type":"PropertyValueSpecification","valueRequired":true,"valueName":"search_term_string"}}],"inLanguage":"fr-FR"}]}},"_links":{"self":[{"href":"https:\/\/cpatclinic.ca\/fr\/wp-json\/wp\/v2\/pages\/504","targetHints":{"allow":["GET"]}}],"collection":[{"href":"https:\/\/cpatclinic.ca\/fr\/wp-json\/wp\/v2\/pages"}],"about":[{"href":"https:\/\/cpatclinic.ca\/fr\/wp-json\/wp\/v2\/types\/page"}],"author":[{"embeddable":true,"href":"https:\/\/cpatclinic.ca\/fr\/wp-json\/wp\/v2\/users\/1"}],"replies":[{"embeddable":true,"href":"https:\/\/cpatclinic.ca\/fr\/wp-json\/wp\/v2\/comments?post=504"}],"version-history":[{"count":24,"href":"https:\/\/cpatclinic.ca\/fr\/wp-json\/wp\/v2\/pages\/504\/revisions"}],"predecessor-version":[{"id":1444,"href":"https:\/\/cpatclinic.ca\/fr\/wp-json\/wp\/v2\/pages\/504\/revisions\/1444"}],"wp:attachment":[{"href":"https:\/\/cpatclinic.ca\/fr\/wp-json\/wp\/v2\/media?parent=504"}],"curies":[{"name":"wp","href":"https:\/\/api.w.org\/{rel}","templated":true}]}}