{"id":500,"date":"2019-11-21T15:30:01","date_gmt":"2019-11-21T20:30:01","guid":{"rendered":"https:\/\/cpatclinic.ca\/getting-started\/"},"modified":"2024-11-20T12:00:24","modified_gmt":"2024-11-20T17:00:24","slug":"getting-started","status":"publish","type":"page","link":"https:\/\/cpatclinic.ca\/fr\/getting-started\/","title":{"rendered":"Commencer"},"content":{"rendered":"<div id=\"cs-content\" class=\"cs-content\"><\/div>\n","protected":false},"excerpt":{"rendered":"<p>Commencer est facile!L&rsquo;\u00e9quipe de recherche en param\u00e9decine communautaire de McMaster vous guidera \u00e0 travers les \u00e9tapes suivantes pour vous assurer que vous \u00eates confiant et que vous r\u00e9ussissez \u00e0 mettre en \u0153uvre PC@clinique dans votre communaut\u00e9!Section 1 : Nous contacterContactez l&rsquo;\u00e9quipe de recherche de McMaster Community Paramedic (MCP) pour vous pr\u00e9senter et vous renseigner sur le programme. Cliquez ici pour &#8230; <\/p>\n<div><a href=\"https:\/\/cpatclinic.ca\/fr\/getting-started\/\" class=\"more-link\">Read More<\/a><\/div>\n","protected":false},"author":1,"featured_media":0,"parent":0,"menu_order":0,"comment_status":"closed","ping_status":"closed","template":"template-blank-4.php","meta":{"_acf_changed":false,"pmpro_default_level":"","_monsterinsights_skip_tracking":false,"_monsterinsights_sitenote_active":false,"_monsterinsights_sitenote_note":"","_monsterinsights_sitenote_category":0,"footnotes":""},"class_list":["post-500","page","type-page","status-publish","hentry","pmpro-has-access","no-post-thumbnail"],"acf":[],"yoast_head":"<!-- This site is optimized with the Yoast SEO plugin v23.8 - https:\/\/yoast.com\/wordpress\/plugins\/seo\/ -->\n<title>Commencer - PC@clinique<\/title>\n<meta name=\"description\" content=\"Nous vous guiderons \u00e0 travers les \u00e9tapes suivantes pour garantir que vous \u00eates confiant et que vous r\u00e9ussissez \u00e0 mettre en \u0153uvre la PC@clinique dans votre communaut\u00e9!\" \/>\n<meta name=\"robots\" content=\"index, follow, max-snippet:-1, max-image-preview:large, max-video-preview:-1\" \/>\n<link rel=\"canonical\" href=\"https:\/\/cpatclinic.ca\/fr\/getting-started\/\" \/>\n<meta property=\"og:locale\" content=\"fr_FR\" \/>\n<meta property=\"og:type\" content=\"article\" \/>\n<meta property=\"og:title\" content=\"Commencer - PC@clinique\" \/>\n<meta property=\"og:description\" content=\"Nous vous guiderons \u00e0 travers les \u00e9tapes suivantes pour garantir que vous \u00eates confiant et que vous r\u00e9ussissez \u00e0 mettre en \u0153uvre la PC@clinique dans votre communaut\u00e9!\" \/>\n<meta property=\"og:url\" content=\"https:\/\/cpatclinic.ca\/fr\/getting-started\/\" \/>\n<meta property=\"og:site_name\" content=\"PC@clinique\" \/>\n<meta property=\"article:modified_time\" content=\"2024-11-20T17:00:24+00:00\" \/>\n<meta name=\"twitter:card\" content=\"summary_large_image\" \/>\n<meta name=\"twitter:label1\" content=\"Dur\u00e9e de lecture estim\u00e9e\" \/>\n\t<meta name=\"twitter:data1\" content=\"5 minutes\" \/>\n<script type=\"application\/ld+json\" class=\"yoast-schema-graph\">{\"@context\":\"https:\/\/schema.org\",\"@graph\":[{\"@type\":\"WebPage\",\"@id\":\"https:\/\/cpatclinic.ca\/fr\/getting-started\/\",\"url\":\"https:\/\/cpatclinic.ca\/fr\/getting-started\/\",\"name\":\"Commencer - PC@clinique\",\"isPartOf\":{\"@id\":\"https:\/\/cpatclinic.ca\/#website\"},\"datePublished\":\"2019-11-21T20:30:01+00:00\",\"dateModified\":\"2024-11-20T17:00:24+00:00\",\"description\":\"Nous vous guiderons \u00e0 travers les \u00e9tapes suivantes pour garantir que vous \u00eates confiant et que vous r\u00e9ussissez \u00e0 mettre en \u0153uvre la PC@clinique dans votre communaut\u00e9!\",\"breadcrumb\":{\"@id\":\"https:\/\/cpatclinic.ca\/fr\/getting-started\/#breadcrumb\"},\"inLanguage\":\"fr-FR\",\"potentialAction\":[{\"@type\":\"ReadAction\",\"target\":[\"https:\/\/cpatclinic.ca\/fr\/getting-started\/\"]}]},{\"@type\":\"BreadcrumbList\",\"@id\":\"https:\/\/cpatclinic.ca\/fr\/getting-started\/#breadcrumb\",\"itemListElement\":[{\"@type\":\"ListItem\",\"position\":1,\"name\":\"Home\",\"item\":\"https:\/\/cpatclinic.ca\/fr\/\"},{\"@type\":\"ListItem\",\"position\":2,\"name\":\"Commencer\"}]},{\"@type\":\"WebSite\",\"@id\":\"https:\/\/cpatclinic.ca\/#website\",\"url\":\"https:\/\/cpatclinic.ca\/\",\"name\":\"PC@clinique\",\"description\":\"un programme novateur de pr\u00e9vention des maladies chroniques, de gestion, et de promotion de la sant\u00e9 fond\u00e9 sur des donn\u00e9es probantes.\",\"potentialAction\":[{\"@type\":\"SearchAction\",\"target\":{\"@type\":\"EntryPoint\",\"urlTemplate\":\"https:\/\/cpatclinic.ca\/?s={search_term_string}\"},\"query-input\":{\"@type\":\"PropertyValueSpecification\",\"valueRequired\":true,\"valueName\":\"search_term_string\"}}],\"inLanguage\":\"fr-FR\"}]}<\/script>\n<!-- \/ Yoast SEO plugin. -->","yoast_head_json":{"title":"Commencer - PC@clinique","description":"Nous vous guiderons \u00e0 travers les \u00e9tapes suivantes pour garantir que vous \u00eates confiant et que vous r\u00e9ussissez \u00e0 mettre en \u0153uvre la PC@clinique dans votre communaut\u00e9!","robots":{"index":"index","follow":"follow","max-snippet":"max-snippet:-1","max-image-preview":"max-image-preview:large","max-video-preview":"max-video-preview:-1"},"canonical":"https:\/\/cpatclinic.ca\/fr\/getting-started\/","og_locale":"fr_FR","og_type":"article","og_title":"Commencer - PC@clinique","og_description":"Nous vous guiderons \u00e0 travers les \u00e9tapes suivantes pour garantir que vous \u00eates confiant et que vous r\u00e9ussissez \u00e0 mettre en \u0153uvre la PC@clinique dans votre communaut\u00e9!","og_url":"https:\/\/cpatclinic.ca\/fr\/getting-started\/","og_site_name":"PC@clinique","article_modified_time":"2024-11-20T17:00:24+00:00","twitter_card":"summary_large_image","twitter_misc":{"Dur\u00e9e de lecture estim\u00e9e":"5 minutes"},"schema":{"@context":"https:\/\/schema.org","@graph":[{"@type":"WebPage","@id":"https:\/\/cpatclinic.ca\/fr\/getting-started\/","url":"https:\/\/cpatclinic.ca\/fr\/getting-started\/","name":"Commencer - PC@clinique","isPartOf":{"@id":"https:\/\/cpatclinic.ca\/#website"},"datePublished":"2019-11-21T20:30:01+00:00","dateModified":"2024-11-20T17:00:24+00:00","description":"Nous vous guiderons \u00e0 travers les \u00e9tapes suivantes pour garantir que vous \u00eates confiant et que vous r\u00e9ussissez \u00e0 mettre en \u0153uvre la PC@clinique dans votre communaut\u00e9!","breadcrumb":{"@id":"https:\/\/cpatclinic.ca\/fr\/getting-started\/#breadcrumb"},"inLanguage":"fr-FR","potentialAction":[{"@type":"ReadAction","target":["https:\/\/cpatclinic.ca\/fr\/getting-started\/"]}]},{"@type":"BreadcrumbList","@id":"https:\/\/cpatclinic.ca\/fr\/getting-started\/#breadcrumb","itemListElement":[{"@type":"ListItem","position":1,"name":"Home","item":"https:\/\/cpatclinic.ca\/fr\/"},{"@type":"ListItem","position":2,"name":"Commencer"}]},{"@type":"WebSite","@id":"https:\/\/cpatclinic.ca\/#website","url":"https:\/\/cpatclinic.ca\/","name":"PC@clinique","description":"un programme novateur de pr\u00e9vention des maladies chroniques, de gestion, et de promotion de la sant\u00e9 fond\u00e9 sur des donn\u00e9es probantes.","potentialAction":[{"@type":"SearchAction","target":{"@type":"EntryPoint","urlTemplate":"https:\/\/cpatclinic.ca\/?s={search_term_string}"},"query-input":{"@type":"PropertyValueSpecification","valueRequired":true,"valueName":"search_term_string"}}],"inLanguage":"fr-FR"}]}},"_links":{"self":[{"href":"https:\/\/cpatclinic.ca\/fr\/wp-json\/wp\/v2\/pages\/500","targetHints":{"allow":["GET"]}}],"collection":[{"href":"https:\/\/cpatclinic.ca\/fr\/wp-json\/wp\/v2\/pages"}],"about":[{"href":"https:\/\/cpatclinic.ca\/fr\/wp-json\/wp\/v2\/types\/page"}],"author":[{"embeddable":true,"href":"https:\/\/cpatclinic.ca\/fr\/wp-json\/wp\/v2\/users\/1"}],"replies":[{"embeddable":true,"href":"https:\/\/cpatclinic.ca\/fr\/wp-json\/wp\/v2\/comments?post=500"}],"version-history":[{"count":14,"href":"https:\/\/cpatclinic.ca\/fr\/wp-json\/wp\/v2\/pages\/500\/revisions"}],"predecessor-version":[{"id":1445,"href":"https:\/\/cpatclinic.ca\/fr\/wp-json\/wp\/v2\/pages\/500\/revisions\/1445"}],"wp:attachment":[{"href":"https:\/\/cpatclinic.ca\/fr\/wp-json\/wp\/v2\/media?parent=500"}],"curies":[{"name":"wp","href":"https:\/\/api.w.org\/{rel}","templated":true}]}}